{"id":8316,"date":"2021-09-25T08:05:51","date_gmt":"2021-09-25T08:05:51","guid":{"rendered":"http:\/\/www.hns-re2sd.dz\/?page_id=8316"},"modified":"2021-09-25T08:28:02","modified_gmt":"2021-09-25T08:28:02","slug":"eree-laboratory-team","status":"publish","type":"page","link":"http:\/\/www.hns-re2sd.dz\/en-fr\/eree-laboratory-team\/","title":{"rendered":"EREE Laboratory Team"},"content":{"rendered":"<div data-colibri-id=\"8316-c1\" class=\"style-2959 style-local-8316-c1 position-relative\">\n  <!---->\n  <div data-colibri-component=\"section\" data-colibri-id=\"8316-c2\" id=\"reusable-sections\" class=\"h-section h-section-global-spacing d-flex align-items-lg-center align-items-md-center align-items-center style-2960 style-local-8316-c2 position-relative\">\n    <!---->\n    <!---->\n    <div class=\"h-section-grid-container h-section-boxed-container\">\n      <!---->\n      <div data-colibri-id=\"8316-c3\" class=\"h-row-container gutters-row-lg-2 gutters-row-md-2 gutters-row-2 gutters-row-v-lg-2 gutters-row-v-md-2 gutters-row-v-2 style-2961 style-local-8316-c3 position-relative\">\n        <!---->\n        <div class=\"h-row justify-content-lg-center justify-content-md-center justify-content-center align-items-lg-center align-items-md-center align-items-center gutters-col-lg-2 gutters-col-md-2 gutters-col-2 gutters-col-v-lg-2 gutters-col-v-md-2 gutters-col-v-2\">\n          <!---->\n          <div class=\"h-column h-column-container d-flex h-col-lg-auto h-col-md-auto h-col-auto align-self-lg-center align-self-md-center align-self-center style-2962-outer style-local-8316-c4-outer\">\n            <div data-colibri-id=\"8316-c4\" class=\"d-flex h-flex-basis h-column__inner h-px-lg-0 h-px-md-0 h-px-0 v-inner-lg-0 v-inner-md-0 v-inner-0 style-2962 style-local-8316-c4 position-relative\">\n              <!---->\n              <!---->\n              <div class=\"w-100 h-y-container h-column__content h-column__v-align flex-basis-100 align-self-lg-center align-self-md-center align-self-center\">\n                <!---->\n                <div data-colibri-id=\"8316-c5\" class=\"h-row-container gutters-row-lg-0 gutters-row-md-0 gutters-row-0 gutters-row-v-lg-0 gutters-row-v-md-0 gutters-row-v-0 style-2963 style-local-8316-c5 position-relative\">\n                  <!---->\n                  <div class=\"h-row justify-content-lg-start justify-content-md-start justify-content-center align-items-lg-stretch align-items-md-stretch align-items-stretch gutters-col-lg-0 gutters-col-md-0 gutters-col-0 gutters-col-v-lg-0 gutters-col-v-md-0 gutters-col-v-0\">\n                    <!---->\n                    <div class=\"h-column h-column-container d-flex h-col-lg-auto h-col-md-auto h-col-auto style-2964-outer style-local-8316-c6-outer\">\n                      <div data-colibri-id=\"8316-c6\" class=\"d-flex h-flex-basis h-column__inner h-px-lg-0 h-px-md-0 h-px-0 v-inner-lg-0 v-inner-md-0 v-inner-0 style-2964 style-local-8316-c6 position-relative\">\n                        <!---->\n                        <!---->\n                        <div class=\"w-100 h-y-container h-column__content h-column__v-align flex-basis-auto align-self-lg-start align-self-md-start align-self-center\">\n                          <!---->\n                          <div data-colibri-id=\"8316-c7\" class=\"h-global-transition-all h-heading style-2965 style-local-8316-c7 position-relative h-element\">\n                            <!---->\n                            <div class=\"h-heading__outer style-2965 style-local-8316-c7\">\n                              <!---->\n                              <!---->\n                              <h4 class=\"\">About EREE Laboratory TEAM<\/h4>\n                            <\/div>\n                          <\/div>\n                        <\/div>\n                      <\/div>\n                    <\/div>\n                  <\/div>\n                <\/div>\n                <div data-colibri-id=\"8316-c8\" class=\"h-global-transition-all h-heading style-2966 style-local-8316-c8 position-relative h-element\">\n                  <!---->\n                  <div class=\"h-heading__outer style-2966 style-local-8316-c8\">\n                    <!---->\n                    <!---->\n                    <h3 class=\"\">Renewable Energies and Energy Efficiency <em style=\"color: rgb(247, 144, 7); font-family: &quot;Playfair Display&quot;;\">EREE<\/em>.<\/h3>\n                  <\/div>\n                <\/div>\n                <div data-colibri-id=\"8316-c9\" class=\"h-lead h-text h-text-component style-2967 style-local-8316-c9 position-relative h-element\">\n                  <!---->\n                  <!---->\n                  <div class=\"\">\n                    <p>Energies Renouvelables et Efficacit\u00e9 \u00c9nerg\u00e9tique (EREE)<\/p>\n                  <\/div>\n                <\/div>\n              <\/div>\n            <\/div>\n          <\/div>\n          <div class=\"h-column h-column-container d-flex h-col-lg-auto h-col-md-auto h-col-auto align-self-lg-center align-self-md-center align-self-center style-2968-outer style-local-8316-c10-outer\">\n            <div data-colibri-id=\"8316-c10\" class=\"d-flex h-flex-basis h-column__inner h-px-lg-0 h-px-md-0 h-px-0 v-inner-lg-0 v-inner-md-0 v-inner-0 style-2968 style-local-8316-c10 position-relative\">\n              <!---->\n              <!---->\n              <div class=\"w-100 h-y-container h-column__content h-column__v-align flex-basis-100 align-self-lg-center align-self-md-center align-self-center\">\n                <!---->\n                <div data-colibri-id=\"8316-c11\" class=\"h-multiple-image style-2969 style-local-8316-c11 position-relative h-element\">\n                  <!---->\n                  <div class=\"position-relative\">\n                    <div class=\"h-multiple-image-inside-container\">\n                      <div class=\"ratio-inner\">\n                        <div data-colibri-id=\"8316-c12\" class=\"d-block style-2970 style-local-8316-c12 position-relative h-element\">\n                          <!---->\n                          <div class=\"h-image__frame-container-outer\">\n                            <div class=\"h-image__frame-container\">\n                              <!---->\n                              <!---->\n                              <img decoding=\"async\" loading=\"lazy\" width=\"300\" height=\"300\" src=\"http:\/\/www.hns-re2sd.dz\/wp-content\/uploads\/2020\/11\/logo-trans-med.png\" class=\"style-2969-images style-local-8316-c11-images wp-image-607 style-2970-image style-local-8316-c12-image\" srcset=\"http:\/\/www.hns-re2sd.dz\/wp-content\/uploads\/2020\/11\/logo-trans-med.png 300w, http:\/\/www.hns-re2sd.dz\/wp-content\/uploads\/2020\/11\/logo-trans-med-150x150.png 150w\" sizes=\"(max-width: 300px) 100vw, 300px\" alt=\"\" \/>\n                              <div class=\"h-image__frame h-hide-lg h-hide-md h-hide-sm style-2970-frameImage style-local-8316-c12-frameImage\"><\/div>\n                            <\/div>\n                          <\/div>\n                        <\/div>\n                        <div data-colibri-id=\"8316-c13\" class=\"d-block style-2971 style-local-8316-c13 position-relative h-element\">\n                          <!---->\n                          <div class=\"h-image__frame-container-outer\">\n                            <div class=\"h-image__frame-container\">\n                              <!---->\n                              <div class=\"h-image__overlay style-2971-overlay style-local-8316-c13-overlay\">\n                                <div class=\"overlay-layer\">\n                                  <div class=\"overlay-image-layer\" style=\"background-color: rgb(231, 240, 249); opacity: 0.37;\"><\/div>\n                                <\/div>\n                              <\/div>\n                              <img decoding=\"async\" loading=\"lazy\" width=\"1128\" height=\"1296\" src=\"http:\/\/www.hns-re2sd.dz\/wp-content\/uploads\/2020\/11\/cropped-8.jpg\" class=\"style-2969-images style-local-8316-c11-images wp-image-1867 style-2971-image style-local-8316-c13-image\" srcset=\"http:\/\/www.hns-re2sd.dz\/wp-content\/uploads\/2020\/11\/cropped-8.jpg 1128w, http:\/\/www.hns-re2sd.dz\/wp-content\/uploads\/2020\/11\/cropped-8-261x300.jpg 261w, http:\/\/www.hns-re2sd.dz\/wp-content\/uploads\/2020\/11\/cropped-8-891x1024.jpg 891w, http:\/\/www.hns-re2sd.dz\/wp-content\/uploads\/2020\/11\/cropped-8-768x882.jpg 768w, http:\/\/www.hns-re2sd.dz\/wp-content\/uploads\/2020\/11\/cropped-8-10x12.jpg 10w\" sizes=\"(max-width: 1128px) 100vw, 1128px\" alt=\"\" \/>\n                              <div class=\"h-image__frame h-hide-lg h-hide-md h-hide-sm style-2971-frameImage style-local-8316-c13-frameImage\"><\/div>\n                            <\/div>\n                          <\/div>\n                        <\/div>\n                        <div data-colibri-id=\"8316-c14\" class=\"d-block style-2972 style-local-8316-c14 position-relative h-element\">\n                          <!---->\n                          <div class=\"h-image__frame-container-outer\">\n                            <div class=\"h-image__frame-container\">\n                              <!---->\n                              <!---->\n                              <img decoding=\"async\" loading=\"lazy\" width=\"1692\" height=\"1135\" src=\"http:\/\/www.hns-re2sd.dz\/wp-content\/uploads\/2021\/05\/cropped-IMG_20210519_111036-scaled-1.jpg\" class=\"style-2969-images style-local-8316-c11-images wp-image-8333 style-2972-image style-local-8316-c14-image\" srcset=\"http:\/\/www.hns-re2sd.dz\/wp-content\/uploads\/2021\/05\/cropped-IMG_20210519_111036-scaled-1.jpg 1692w, http:\/\/www.hns-re2sd.dz\/wp-content\/uploads\/2021\/05\/cropped-IMG_20210519_111036-scaled-1-300x201.jpg 300w, http:\/\/www.hns-re2sd.dz\/wp-content\/uploads\/2021\/05\/cropped-IMG_20210519_111036-scaled-1-1024x687.jpg 1024w, http:\/\/www.hns-re2sd.dz\/wp-content\/uploads\/2021\/05\/cropped-IMG_20210519_111036-scaled-1-768x515.jpg 768w, http:\/\/www.hns-re2sd.dz\/wp-content\/uploads\/2021\/05\/cropped-IMG_20210519_111036-scaled-1-1536x1030.jpg 1536w, http:\/\/www.hns-re2sd.dz\/wp-content\/uploads\/2021\/05\/cropped-IMG_20210519_111036-scaled-1-16x12.jpg 16w\" sizes=\"(max-width: 1692px) 100vw, 1692px\" alt=\"\" \/>\n                              <div class=\"h-image__frame h-hide-lg h-hide-md h-hide-sm style-2972-frameImage style-local-8316-c14-frameImage\"><\/div>\n                            <\/div>\n                          <\/div>\n                        <\/div>\n                        <div data-colibri-id=\"8316-c15\" class=\"d-block style-2973 style-local-8316-c15 position-relative h-element\">\n                          <!---->\n                          <div class=\"h-image__frame-container-outer\">\n                            <div class=\"h-image__frame-container\">\n                              <!---->\n                              <!---->\n                              <img decoding=\"async\" loading=\"lazy\" width=\"1298\" height=\"1094\" src=\"http:\/\/www.hns-re2sd.dz\/wp-content\/uploads\/2020\/11\/cropped-11-1-1.jpg\" class=\"style-2969-images style-local-8316-c11-images wp-image-8334 style-2973-image style-local-8316-c15-image\" srcset=\"http:\/\/www.hns-re2sd.dz\/wp-content\/uploads\/2020\/11\/cropped-11-1-1.jpg 1298w, http:\/\/www.hns-re2sd.dz\/wp-content\/uploads\/2020\/11\/cropped-11-1-1-300x253.jpg 300w, http:\/\/www.hns-re2sd.dz\/wp-content\/uploads\/2020\/11\/cropped-11-1-1-1024x863.jpg 1024w, http:\/\/www.hns-re2sd.dz\/wp-content\/uploads\/2020\/11\/cropped-11-1-1-768x647.jpg 768w, http:\/\/www.hns-re2sd.dz\/wp-content\/uploads\/2020\/11\/cropped-11-1-1-14x12.jpg 14w\" sizes=\"(max-width: 1298px) 100vw, 1298px\" alt=\"\" \/>\n                              <div class=\"h-image__frame h-hide-lg h-hide-md h-hide-sm style-2973-frameImage style-local-8316-c15-frameImage\"><\/div>\n                            <\/div>\n                          <\/div>\n                        <\/div>\n                        <div data-colibri-id=\"8316-c16\" class=\"d-block style-2974 style-local-8316-c16 position-relative h-element\">\n                          <!---->\n                          <div class=\"h-image__frame-container-outer\">\n                            <div class=\"h-image__frame-container\">\n                              <!---->\n                              <!---->\n                              <img decoding=\"async\" loading=\"lazy\" width=\"458\" height=\"206\" src=\"http:\/\/www.hns-re2sd.dz\/wp-content\/uploads\/2021\/03\/159751094_428277348466213_4523923174970373518_n.jpg\" class=\"style-2969-images style-local-8316-c11-images wp-image-6320 style-2974-image style-local-8316-c16-image\" srcset=\"http:\/\/www.hns-re2sd.dz\/wp-content\/uploads\/2021\/03\/159751094_428277348466213_4523923174970373518_n.jpg 458w, http:\/\/www.hns-re2sd.dz\/wp-content\/uploads\/2021\/03\/159751094_428277348466213_4523923174970373518_n-300x135.jpg 300w, http:\/\/www.hns-re2sd.dz\/wp-content\/uploads\/2021\/03\/159751094_428277348466213_4523923174970373518_n-16x7.jpg 16w\" sizes=\"(max-width: 458px) 100vw, 458px\" alt=\"\" \/>\n                              <div class=\"h-image__frame h-hide-lg h-hide-md h-hide-sm style-2974-frameImage style-local-8316-c16-frameImage\"><\/div>\n                            <\/div>\n                          <\/div>\n                        <\/div>\n                      <\/div>\n                    <\/div>\n                  <\/div>\n                <\/div>\n              <\/div>\n            <\/div>\n          <\/div>\n        <\/div>\n      <\/div>\n    <\/div>\n  <\/div>\n<\/div>","protected":false},"excerpt":{"rendered":"<p>About EREE Laboratory TEAM Renewable Energies and Energy Efficiency EREE. Energies Renouvelables et Efficacit\u00e9 \u00c9nerg\u00e9tique (EREE)<\/p>\n","protected":false},"author":1,"featured_media":0,"parent":0,"menu_order":0,"comment_status":"closed","ping_status":"closed","template":"page-templates\/full-width-page.php","meta":[],"_links":{"self":[{"href":"http:\/\/www.hns-re2sd.dz\/en-fr\/wp-json\/wp\/v2\/pages\/8316"}],"collection":[{"href":"http:\/\/www.hns-re2sd.dz\/en-fr\/wp-json\/wp\/v2\/pages"}],"about":[{"href":"http:\/\/www.hns-re2sd.dz\/en-fr\/wp-json\/wp\/v2\/types\/page"}],"author":[{"embeddable":true,"href":"http:\/\/www.hns-re2sd.dz\/en-fr\/wp-json\/wp\/v2\/users\/1"}],"replies":[{"embeddable":true,"href":"http:\/\/www.hns-re2sd.dz\/en-fr\/wp-json\/wp\/v2\/comments?post=8316"}],"version-history":[{"count":2,"href":"http:\/\/www.hns-re2sd.dz\/en-fr\/wp-json\/wp\/v2\/pages\/8316\/revisions"}],"predecessor-version":[{"id":8344,"href":"http:\/\/www.hns-re2sd.dz\/en-fr\/wp-json\/wp\/v2\/pages\/8316\/revisions\/8344"}],"wp:attachment":[{"href":"http:\/\/www.hns-re2sd.dz\/en-fr\/wp-json\/wp\/v2\/media?parent=8316"}],"curies":[{"name":"wp","href":"https:\/\/api.w.org\/{rel}","templated":true}]}}